{"id":35,"date":"2015-06-12T21:32:02","date_gmt":"2015-06-12T19:32:02","guid":{"rendered":"https:\/\/dindoa.nl\/ws\/commissie-sponsor-opa\/"},"modified":"2026-04-06T12:32:28","modified_gmt":"2026-04-06T10:32:28","slug":"commissie-sponsor-opa","status":"publish","type":"page","link":"https:\/\/dindoa.nl\/ws\/commissie-sponsor-opa\/","title":{"rendered":"Oud Papier Aktie"},"content":{"rendered":"\n<h3 class=\"wp-block-heading\">Wat doen wij?<\/h3>\n\n\n\n<p>Dindoa werkt al sinds de oprichting mee in de Oud Papier Actie (OPA) Ermelo. Samen met de kerken, verschillende scholen en andere sportverenigingen bemannen vrijwilligers de kraakwagen en de containers die Ermelo&nbsp;maandelijks aandoen. Op jaarbasis&nbsp;leveren alle kratjes en dozen oud papier de vereniging een mooi bedrag op. Vele handen maken licht werk, dus hulp is altijd welkom! <\/p>\n\n\n\n<p>Neem gerust&nbsp;contact op.<\/p>\n\n\n\n<p><\/p>\n\n\n\n<h3 class=\"wp-block-heading\">Wijzigingen OPA Ermelo&nbsp;(update 19-12-2025)<\/h3>\n\n\n\n<p>Wie het lokale nieuws volgt (en\/of deze week een brief van de gemeente Ermelo heeft ontvangen) weet misschien al het \u00e9\u00e9n en ander, maar hierbij een korte samenvatting.<br><br>31-12-2025: be\u00ebindiging samenwerking gemeente en Remondis<br>01-01-2026: start nieuwe (regionale) afvalbedrijf, in samenwerking met Omrin.<br>31-12-2026: stop inzet vrijwilligers OPA Ermelo<br><br>Een mogelijk vervolg of andere invulling is (nog) niet uitgewerkt.<br><\/p>\n\n\n\n<p><strong>Oud papier containers 2026<\/strong><\/p>\n\n\n\n<p>week 1: container Chr. Geref. Kerk, Frederik Hendriklaan 11<\/p>\n\n\n\n<p>week 2: containers R.K.Kerk, Smidsweg 20 (Boeldagterrein) + Wildkamp (Telgt) + Speuld<\/p>\n\n\n\n<p>week 3: container Prins Bernhardschool, Veldwijkerweg<\/p>\n\n\n\n<p>week 4: container parkeerterrein Calluna<\/p>\n\n\n\n<p><\/p>\n\n\n\n<figure class=\"wp-block-table\"><table class=\"has-fixed-layout\"><tbody><tr><td>&nbsp;<\/td><td>Week 1<\/td><td>Week 2<\/td><td>Week 3<\/td><td>Week 4<\/td><\/tr><tr><td>Maart<\/td><td>7-3<\/td><td>14-3<\/td><td>21-3<\/td><td>28-3<\/td><\/tr><tr><td>April<\/td><td>4-4<\/td><td>11-4<\/td><td>18-4<\/td><td>25-4<\/td><\/tr><tr><td>Mei<\/td><td>2-5<\/td><td>9-5<\/td><td>15-5 > 23-5<\/td><td>30-5<\/td><\/tr><tr><td>Juni<\/td><td>6-6<\/td><td>31-6<\/td><td>20-6<\/td><td>27-6<\/td><\/tr><tr><td>Juli<\/td><td>4-7<\/td><td>11-7<\/td><td>18-7<\/td><td>25-7<\/td><\/tr><tr><td>Augustus<\/td><td>1-8<\/td><td>8-8<\/td><td>15-8<\/td><td>22-8<\/td><\/tr><tr><td>September<\/td><td>5-9<\/td><td>12-9<\/td><td>19-9<\/td><td>26-9<\/td><\/tr><tr><td>Oktober<\/td><td>3-10<\/td><td>10-10<\/td><td>17-10<\/td><td>24-10<\/td><\/tr><tr><td>November<\/td><td>31-10<\/td><td>7-11<\/td><td>14-11<\/td><td>21-11<\/td><\/tr><tr><td>December<\/td><td>28-11<\/td><td>5-12<\/td><td>12-12<\/td><td>19-12<\/td><\/tr><\/tbody><\/table><\/figure>\n\n\n\n<p>Bron: <a href=\"https:\/\/www.ermelo.nl\/afval\/oud-papier-inzamelen\">Oud papier inzamelen | Gemeente Ermelo<\/a> (05-02-2026)<\/p>\n\n\n\n<p><\/p>\n\n\n\n<h3 class=\"wp-block-heading\">Leden van de commissie<\/h3>\n\n\n\n<figure class=\"wp-block-table\"><table><thead><tr><th>Naam<\/th><th>Functie<\/th><th>Contact<\/th><\/tr><tr><td>Anne van Marle<\/td><td>Algemeen co\u00f6rdinator<\/td><td>06-15151449<\/td><\/tr><tr><td>Hans<\/td><td>&nbsp;<\/td><td>&nbsp;<\/td><\/tr><tr><td>Guido<\/td><td>&nbsp;<\/td><td>&nbsp;<\/td><\/tr><tr><td>Jonathan<\/td><td>&nbsp;<\/td><td>&nbsp;<\/td><\/tr><tr><td><\/td><td>&nbsp;<\/td><td>&nbsp;<\/td><\/tr><\/thead><\/table><\/figure>\n\n\n\n<h2 class=\"wp-block-heading\">Volledig programma 2026<\/h2>\n\n\n\n<p><\/p>\n\n\n\n<p>JANUARI<\/p>\n\n\n\n<p><strong>17-01-2026<\/strong> Route vanaf de Oude Kerk 08.00-12.30u<strong> Dindoa 3<\/strong><\/p>\n\n\n\n<p><strong>24-01-2026<\/strong> Container bij de Bernhardschool 08.30-12.15u <strong>Dindoa 5<\/strong><\/p>\n\n\n\n<p><strong>24-01-2026<\/strong> Route van de Maranathakerk 08.00-12.30u<strong> Dennis<\/strong><\/p>\n\n\n\n<p><\/p>\n\n\n\n<p>FEBRUARI<\/p>\n\n\n\n<p><strong>21-02-2026<\/strong> Route van de Maranathakerk 08.00-12.30u <strong>Alexander<\/strong><\/p>\n\n\n\n<p><strong>21-02-2026<\/strong> Container bij de Bernhardschool 08.30-12.15u <strong>Dindoa J1<\/strong><\/p>\n\n\n\n<p><\/p>\n\n\n\n<p>MAART<\/p>\n\n\n\n<p><strong>21-03-2026<\/strong> Container bij de Bernhardschool 08.30-12.15u <strong>Dindoa 6<\/strong><\/p>\n\n\n\n<p><\/p>\n\n\n\n<p>APRIL<\/p>\n\n\n\n<p><strong>18-04-2026<\/strong> Container bij de Bernhardschool 08.30-12.15u <strong>Dindoa U19<\/strong><\/p>\n\n\n\n<p>MEI<\/p>\n\n\n\n<p><strong>16-05-2026<\/strong> Container bij de Bernhardschool 08.30-12.15u <strong>Dindoa J2<\/strong><\/p>\n\n\n\n<p>JUNI<\/p>\n\n\n\n<p><strong>20-06-2026<\/strong> Container bij de Bernhardschool 08.30-12.15u <strong>Dindoa J1<\/strong><\/p>\n\n\n\n<p>JULI<\/p>\n\n\n\n<p><strong>18-07-2026<\/strong> Container bij de Bernhardschool 08.30-12.15u <strong>Dindoa U19<\/strong><\/p>\n\n\n\n<p>AUGUTUS<\/p>\n\n\n\n<p><strong>15-08-2026<\/strong> Container bij de Bernhardschool 08.30-12.15u <strong>Dindoa 7<\/strong><\/p>\n\n\n\n<p><\/p>\n\n\n\n<p>SEPTEMBER<\/p>\n\n\n\n<p><strong>19-09-2026<\/strong> Container bij de Bernhardschool 08.30-12.15u <strong>Dindoa <\/strong>??<\/p>\n\n\n\n<p>OKTOBER<\/p>\n\n\n\n<p><strong>17-10-2026<\/strong> Container bij de Bernhardschool 08.30-12.15u <strong>Dindoa <\/strong>??<\/p>\n\n\n\n<p>NOVEMBER<\/p>\n\n\n\n<p><strong>14-11-2026<\/strong> Container bij de Bernhardschool 08.30-12.15u <strong>Dindoa ??<\/strong><\/p>\n\n\n\n<p>DECEMBER<\/p>\n\n\n\n<p><strong>12-12-2026<\/strong> Container bij de Bernhardschool 08.30-12.15u <strong>Dindoa ??<\/strong><\/p>\n\n\n\n<p>{module Rooster &#8211; Oud Papier}<\/p>\n","protected":false},"excerpt":{"rendered":"<p>Wat doen wij? Dindoa werkt al sinds de oprichting mee in de Oud Papier Actie (OPA) Ermelo. Samen met de&#8230;<\/p>\n","protected":false},"author":10,"featured_media":0,"parent":0,"menu_order":1,"comment_status":"closed","ping_status":"closed","template":"","meta":{"_acf_changed":false,"_monsterinsights_skip_tracking":false,"_monsterinsights_sitenote_active":false,"_monsterinsights_sitenote_note":"","_monsterinsights_sitenote_category":0,"footnotes":""},"categories":[],"tags":[],"class_list":["post-35","page","type-page","status-publish","hentry"],"acf":[],"_links":{"self":[{"href":"https:\/\/dindoa.nl\/ws\/wp-json\/wp\/v2\/pages\/35","targetHints":{"allow":["GET"]}}],"collection":[{"href":"https:\/\/dindoa.nl\/ws\/wp-json\/wp\/v2\/pages"}],"about":[{"href":"https:\/\/dindoa.nl\/ws\/wp-json\/wp\/v2\/types\/page"}],"author":[{"embeddable":true,"href":"https:\/\/dindoa.nl\/ws\/wp-json\/wp\/v2\/users\/10"}],"replies":[{"embeddable":true,"href":"https:\/\/dindoa.nl\/ws\/wp-json\/wp\/v2\/comments?post=35"}],"version-history":[{"count":63,"href":"https:\/\/dindoa.nl\/ws\/wp-json\/wp\/v2\/pages\/35\/revisions"}],"predecessor-version":[{"id":10696,"href":"https:\/\/dindoa.nl\/ws\/wp-json\/wp\/v2\/pages\/35\/revisions\/10696"}],"wp:attachment":[{"href":"https:\/\/dindoa.nl\/ws\/wp-json\/wp\/v2\/media?parent=35"}],"wp:term":[{"taxonomy":"category","embeddable":true,"href":"https:\/\/dindoa.nl\/ws\/wp-json\/wp\/v2\/categories?post=35"},{"taxonomy":"post_tag","embeddable":true,"href":"https:\/\/dindoa.nl\/ws\/wp-json\/wp\/v2\/tags?post=35"}],"curies":[{"name":"wp","href":"https:\/\/api.w.org\/{rel}","templated":true}]}}